{"id":10759,"date":"2021-03-14T16:49:24","date_gmt":"2021-03-14T16:49:24","guid":{"rendered":"https:\/\/ingemtel.com\/home\/?page_id=10759"},"modified":"2021-04-20T05:07:23","modified_gmt":"2021-04-20T05:07:23","slug":"empresa","status":"publish","type":"page","link":"https:\/\/ingemtel.com\/home\/empresa\/","title":{"rendered":"Empresa"},"content":{"rendered":"<p>[vc_row content_placement=\u00bbbottom\u00bb text_align=\u00bbcenter-sm-ms\u00bb][vc_column offset=\u00bbvc_col-lg-12 vc_col-md-12&#8243;][vc_empty_space height=\u00bb50&#8243;][\/vc_column][\/vc_row][vc_row content_placement=\u00bbbottom\u00bb text_align=\u00bbcenter-sm-ms\u00bb][vc_column offset=\u00bbvc_col-lg-12 vc_col-md-12&#8243;][vc_column_text]<\/p>\n<h4 style=\"text-align: center;\"><strong>INGEMTEL S.A.S.<\/strong><\/h4>\n<p>[\/vc_column_text]<div class=\"es-resp\">\t<div class=\"visible-xl\" style=\"height: 64px;\"><\/div>\t<div class=\"hidden-xl hidden-md hidden-sm hidden-ms hidden-xs\" style=\"height: 64px;\"><\/div>\t<div class=\"visible-md\" style=\"height: 64px;\"><\/div>\t<div class=\"visible-sm \" style=\"height: 48px;\"><\/div>\t<div class=\"visible-ms\" style=\"height: 48px;\"><\/div>\t<div class=\"visible-xs\" style=\"height: 48px;\"><\/div><\/div>[\/vc_column][\/vc_row][vc_row][vc_column width=\u00bb1\/4&#8243;][vc_single_image image=\u00bb10934&#8243; img_size=\u00bb180&#215;240&#8243; alignment=\u00bbcenter\u00bb][\/vc_column][vc_column width=\u00bb3\/4&#8243;][vc_column_text]Es una empresa comprometida con la mejora continua de todos nuestros procesos con el fin de lograr el aseguramiento de la calidad en los proyectos ejecutivos logrando la confianza y m\u00e1xima satisfacci\u00f3n de los requerimientos y expectativas de nuestros clientes.<\/p>\n<p>INGEMTEL S.A.S, fue fundada con el fin de posesionarse como una empresa solida cumpliendo a satisfacci\u00f3n las necesidades de nuestros clientes.[\/vc_column_text][\/vc_column][\/vc_row][vc_row content_placement=\u00bbbottom\u00bb text_align=\u00bbcenter-sm-ms\u00bb][vc_column offset=\u00bbvc_col-lg-12 vc_col-md-12&#8243;]<div class=\"es-resp\">\t<div class=\"visible-xl\" style=\"height: 64px;\"><\/div>\t<div class=\"hidden-xl hidden-md hidden-sm hidden-ms hidden-xs\" style=\"height: 64px;\"><\/div>\t<div class=\"visible-md\" style=\"height: 64px;\"><\/div>\t<div class=\"visible-sm \" style=\"height: 48px;\"><\/div>\t<div class=\"visible-ms\" style=\"height: 48px;\"><\/div>\t<div class=\"visible-xs\" style=\"height: 48px;\"><\/div><\/div>[vc_separator color=\u00bbwhite\u00bb][\/vc_column][\/vc_row][vc_row][vc_column width=\u00bb5\/6&#8243;][vc_column_text]<strong>Nuestra Misi\u00f3n<\/strong><br \/>\nINGEMTEL S.A.S una empresa que tiene como prop\u00f3sito la satisfacci\u00f3n de las necesidades y expectativas razonables de calidad y bienestar de nuestros clientes, enfocados en la prestaci\u00f3n de un excelente servicio en el desarrollo de los proyectos funcionales con t\u00e9cnicas de vanguardia, preservando el medio ambiente y obteniendo una retribuci\u00f3n adecuada y justa para los miembros de las organizaciones y sus familias.<\/p>\n<p><strong>Nuestra Visi\u00f3n<\/strong><br \/>\nINGEMTEL S.A.S Se proyecta como una organizaci\u00f3n l\u00edder en el sector de telecomunicaciones y seguridad electr\u00f3nica, competitiva nacional, con alto sentido social y de servicio para la satisfacci\u00f3n de nuestros clientes.<\/p>\n<p><strong>Nuestras Fortalezas<\/strong><br \/>\n* Recursos humanos capacitados y calificados em las diferentes \u00e1reas.<br \/>\n* Capacidad competitiva de la organizaci\u00f3n.[\/vc_column_text][\/vc_column][vc_column width=\u00bb1\/6&#8243;][vc_empty_space height=\u00bb15&#8243;][vc_single_image image=\u00bb11396&#8243; img_size=\u00bbfull\u00bb alignment=\u00bbcenter\u00bb][\/vc_column][\/vc_row][vc_row content_placement=\u00bbbottom\u00bb text_align=\u00bbcenter-sm-ms\u00bb][vc_column offset=\u00bbvc_col-lg-12 vc_col-md-12&#8243;]<div class=\"es-resp\">\t<div class=\"visible-xl\" style=\"height: 64px;\"><\/div>\t<div class=\"hidden-xl hidden-md hidden-sm hidden-ms hidden-xs\" style=\"height: 64px;\"><\/div>\t<div class=\"visible-md\" style=\"height: 64px;\"><\/div>\t<div class=\"visible-sm \" style=\"height: 48px;\"><\/div>\t<div class=\"visible-ms\" style=\"height: 48px;\"><\/div>\t<div class=\"visible-xs\" style=\"height: 48px;\"><\/div><\/div>[vc_separator color=\u00bbwhite\u00bb][\/vc_column][\/vc_row][vc_row][vc_column width=\u00bb1\/4&#8243;][vc_column_text]<strong>VALORES INSTITUCIONALES<\/strong><br \/>\n\u2022 Practicidad<br \/>\n\u2022 Lealtad<br \/>\n\u2022 Honestidad<br \/>\n\u2022 Compromisos<br \/>\n\u2022 Pro actividad<br \/>\n\u2022 Perseverancia<br \/>\n\u2022 Pertenencia[\/vc_column_text][\/vc_column][vc_column width=\u00bb3\/4&#8243;][vc_column_text]<strong>COMPROMISOS ORGANIZACIONALES<\/strong><br \/>\n\u2022 Con sus clientes mantenerse como la primera opci\u00f3n alternativa frente a la oferta del mercado.<br \/>\n\u2022 Con sus empleados, generando en cada uno de ellos un crecimiento personal, profesional y un empoderamiento sensible y racional para mantener un equilibrio justo entre empresas y empleados.<br \/>\n\u2022 Con sus proveedores lograremos afianzar alianzas estrat\u00e9gicas de beneficio mutuo.<br \/>\n\u2022 Con Colombia, como generador de empleo y bienestar a muchos ciudadanos.<br \/>\n\u2022 Con el medio ambiente, logramos reducir el impacto en la naturaleza pueda generar la aplicaci\u00f3n de los proyectos.[\/vc_column_text][\/vc_column][\/vc_row][vc_row content_placement=\u00bbbottom\u00bb text_align=\u00bbcenter-sm-ms\u00bb][vc_column offset=\u00bbvc_col-lg-12 vc_col-md-12&#8243;]<div class=\"es-resp\">\t<div class=\"visible-xl\" style=\"height: 64px;\"><\/div>\t<div class=\"hidden-xl hidden-md hidden-sm hidden-ms hidden-xs\" style=\"height: 64px;\"><\/div>\t<div class=\"visible-md\" style=\"height: 64px;\"><\/div>\t<div class=\"visible-sm \" style=\"height: 48px;\"><\/div>\t<div class=\"visible-ms\" style=\"height: 48px;\"><\/div>\t<div class=\"visible-xs\" style=\"height: 48px;\"><\/div><\/div>[vc_separator color=\u00bbwhite\u00bb][\/vc_column][\/vc_row][vc_row][vc_column][vc_column_text]FACTORES ESTRATEGICOS:<br \/>\n<strong>Competividad<\/strong><br \/>\nEl ofrecimiento de productos y servicios con altos est\u00e1ndares de calidad y que producen una relaci\u00f3n atractiva entre los costos y los beneficios, econ\u00f3micos.<\/p>\n<p><strong>Interacci\u00f3n con el Entorno<\/strong><br \/>\nLa interacci\u00f3n efectiva con el sector externo comunidad y medio empresarial p\u00fablico y privado que favorezca el desarrollo de las partes involucradas.<\/p>\n<p><strong>Capital Humano<\/strong><br \/>\nLa consolidaci\u00f3n de un equipo humano altamente calificado y comprometido como agente principal del proceso de desarrollo de la organizaci\u00f3n.[\/vc_column_text][\/vc_column][\/vc_row][vc_row][vc_column][vc_empty_space height=\u00bb50&#8243;][\/vc_column][\/vc_row]<\/p>\n","protected":false},"excerpt":{"rendered":"<p>[vc_row content_placement=\u00bbbottom\u00bb text_align=\u00bbcenter-sm-ms\u00bb][vc_column offset=\u00bbvc_col-lg-12 vc_col-md-12&#8243;][vc_empty_space height=\u00bb50&#8243;][\/vc_column][\/vc_row][vc_row content_placement=\u00bbbottom\u00bb text_align=\u00bbcenter-sm-ms\u00bb][vc_column offset=\u00bbvc_col-lg-12 vc_col-md-12&#8243;][vc_column_text] INGEMTEL S.A.S. [\/vc_column_text][\/vc_column][\/vc_row][vc_row][vc_column width=\u00bb1\/4&#8243;][vc_single_image image=\u00bb10934&#8243; img_size=\u00bb180&#215;240&#8243; alignment=\u00bbcenter\u00bb][\/vc_column][vc_column width=\u00bb3\/4&#8243;][vc_column_text]Es una empresa comprometida con la mejora continua de todos nuestros procesos con el fin de lograr el aseguramiento de la calidad en los proyectos ejecutivos logrando la confianza y m\u00e1xima satisfacci\u00f3n de los requerimientos y expectativas de nuestros clientes. INGEMTEL S.A.S, fue fundada con el fin de posesionarse como una empresa solida cumpliendo a satisfacci\u00f3n las necesidades de nuestros clientes.[\/vc_column_text][\/vc_column][\/vc_row][vc_row content_placement=\u00bbbottom\u00bb text_align=\u00bbcenter-sm-ms\u00bb][vc_column offset=\u00bbvc_col-lg-12 vc_col-md-12&#8243;][vc_separator color=\u00bbwhite\u00bb][\/vc_column][\/vc_row][vc_row][vc_column width=\u00bb5\/6&#8243;][vc_column_text]Nuestra Misi\u00f3n INGEMTEL S.A.S una empresa que tiene como prop\u00f3sito la satisfacci\u00f3n de las necesidades y expectativas razonables de calidad y bienestar de nuestros clientes, enfocados en la prestaci\u00f3n de un excelente servicio en el desarrollo de los proyectos funcionales con t\u00e9cnicas de vanguardia, preservando el medio [&hellip;]<\/p>\n","protected":false},"author":1,"featured_media":0,"parent":0,"menu_order":0,"comment_status":"closed","ping_status":"closed","template":"","meta":[],"_links":{"self":[{"href":"https:\/\/ingemtel.com\/home\/wp-json\/wp\/v2\/pages\/10759"}],"collection":[{"href":"https:\/\/ingemtel.com\/home\/wp-json\/wp\/v2\/pages"}],"about":[{"href":"https:\/\/ingemtel.com\/home\/wp-json\/wp\/v2\/types\/page"}],"author":[{"embeddable":true,"href":"https:\/\/ingemtel.com\/home\/wp-json\/wp\/v2\/users\/1"}],"replies":[{"embeddable":true,"href":"https:\/\/ingemtel.com\/home\/wp-json\/wp\/v2\/comments?post=10759"}],"version-history":[{"count":61,"href":"https:\/\/ingemtel.com\/home\/wp-json\/wp\/v2\/pages\/10759\/revisions"}],"predecessor-version":[{"id":11398,"href":"https:\/\/ingemtel.com\/home\/wp-json\/wp\/v2\/pages\/10759\/revisions\/11398"}],"wp:attachment":[{"href":"https:\/\/ingemtel.com\/home\/wp-json\/wp\/v2\/media?parent=10759"}],"curies":[{"name":"wp","href":"https:\/\/api.w.org\/{rel}","templated":true}]}}