{"id":10792,"date":"2021-03-14T18:11:47","date_gmt":"2021-03-14T18:11:47","guid":{"rendered":"https:\/\/ingemtel.com\/home\/?page_id=10792"},"modified":"2021-03-31T04:40:20","modified_gmt":"2021-03-31T04:40:20","slug":"ingenieria","status":"publish","type":"page","link":"https:\/\/ingemtel.com\/home\/ingenieria\/","title":{"rendered":"Ingenier\u00eda"},"content":{"rendered":"<p>[vc_row content_placement=\u00bbbottom\u00bb text_align=\u00bbcenter-sm-ms\u00bb][vc_column offset=\u00bbvc_col-lg-12 vc_col-md-12&#8243;][vc_column_text]<\/p>\n<h4 style=\"text-align: center;\"><strong>NUESTROS SERVICIOS DE INGENIERIA<\/strong><\/h4>\n<p>[\/vc_column_text]<div class=\"es-resp\">\t<div class=\"visible-xl\" style=\"height: 64px;\"><\/div>\t<div class=\"hidden-xl hidden-md hidden-sm hidden-ms hidden-xs\" style=\"height: 64px;\"><\/div>\t<div class=\"visible-md\" style=\"height: 64px;\"><\/div>\t<div class=\"visible-sm \" style=\"height: 48px;\"><\/div>\t<div class=\"visible-ms\" style=\"height: 48px;\"><\/div>\t<div class=\"visible-xs\" style=\"height: 48px;\"><\/div><\/div>[\/vc_column][\/vc_row][vc_row][vc_column width=\u00bb1\/2&#8243;][vc_single_image image=\u00bb10966&#8243; img_size=\u00bb366&#215;280&#8243; alignment=\u00bbcenter\u00bb][\/vc_column][vc_column width=\u00bb1\/2&#8243;][vc_column_text]\u2022 Instalaciones el\u00e9ctricas media- baja tensi\u00f3n.<br \/>\n\u2022 Tendido de redes.<br \/>\n\u2022 Construcci\u00f3n de subestaciones el\u00e9ctricas.<br \/>\n\u2022 Montaje de instrumentos y control.<br \/>\n\u2022 Instalaci\u00f3n de cableado estructurado.<br \/>\n\u2022 Instalaci\u00f3n de redes en fibra \u00f3ptica.<br \/>\n\u2022 Mantenimientos y reparaci\u00f3n de redes de fibras \u00f3pticas.<br \/>\n\u2022 Sistema de seguridad electr\u00f3nicas.[\/vc_column_text][\/vc_column][\/vc_row][vc_row content_placement=\u00bbbottom\u00bb text_align=\u00bbcenter-sm-ms\u00bb][vc_column offset=\u00bbvc_col-lg-12 vc_col-md-12&#8243;]<div class=\"es-resp\">\t<div class=\"visible-xl\" style=\"height: 64px;\"><\/div>\t<div class=\"hidden-xl hidden-md hidden-sm hidden-ms hidden-xs\" style=\"height: 64px;\"><\/div>\t<div class=\"visible-md\" style=\"height: 64px;\"><\/div>\t<div class=\"visible-sm \" style=\"height: 48px;\"><\/div>\t<div class=\"visible-ms\" style=\"height: 48px;\"><\/div>\t<div class=\"visible-xs\" style=\"height: 48px;\"><\/div><\/div>[vc_column_text]<\/p>\n<p style=\"text-align: center;\">Sabemos lo importante que es la seguridad para la empresa por eso le ofrecemos los servicios de seguridad y control integral lo asesoramos y ayudamos a implementar.<\/p>\n<p>[\/vc_column_text][vc_separator color=\u00bbwhite\u00bb][\/vc_column][\/vc_row][vc_row][vc_column width=\u00bb1\/2&#8243;][vc_column_text]<\/p>\n<ul>\n<li>Sistemas de circuito cerrado de televisi\u00f3n (CCTV).<\/li>\n<li>Sistemas de detecci\u00f3n de intrusos malas sensorizada.<\/li>\n<li>Sistemas de detenci\u00f3n y extinci\u00f3n de incendios.<\/li>\n<li>Sistemas de control de accesos \u2013 alarmas de evacuaci\u00f3n.<\/li>\n<\/ul>\n<p>[\/vc_column_text][\/vc_column][vc_column width=\u00bb1\/2&#8243;][vc_single_image image=\u00bb10965&#8243; img_size=\u00bb350&#215;250&#8243; alignment=\u00bbcenter\u00bb][\/vc_column][\/vc_row][vc_row content_placement=\u00bbbottom\u00bb text_align=\u00bbcenter-sm-ms\u00bb][vc_column offset=\u00bbvc_col-lg-12 vc_col-md-12&#8243;]<div class=\"es-resp\">\t<div class=\"visible-xl\" style=\"height: 64px;\"><\/div>\t<div class=\"hidden-xl hidden-md hidden-sm hidden-ms hidden-xs\" style=\"height: 64px;\"><\/div>\t<div class=\"visible-md\" style=\"height: 64px;\"><\/div>\t<div class=\"visible-sm \" style=\"height: 48px;\"><\/div>\t<div class=\"visible-ms\" style=\"height: 48px;\"><\/div>\t<div class=\"visible-xs\" style=\"height: 48px;\"><\/div><\/div>[vc_separator color=\u00bbwhite\u00bb][\/vc_column][\/vc_row][vc_row][vc_column width=\u00bb1\/2&#8243;][vc_column_text]Les brindamos asesor\u00eda dise\u00f1amos la soluci\u00f3n \u00f3ptima de acuerdo con sus requerimientos, ejecutamos las obras civiles y tambi\u00e9n realizamos el mantenimiento de sistemas que vengan implementados en su compa\u00f1\u00eda.[\/vc_column_text][\/vc_column][vc_column width=\u00bb1\/2&#8243;][vc_column_text]<strong>SERVICIOS ADICIONALES<\/strong><br \/>\n\u2022 Montajes estructurales.<br \/>\n\u2022 Fabricaci\u00f3n e instalaci\u00f3n de estructuras.<br \/>\n\u2022 Concertina.<br \/>\n\u2022 Cerramientos industriales[\/vc_column_text][\/vc_column][\/vc_row][vc_row content_placement=\u00bbbottom\u00bb text_align=\u00bbcenter-sm-ms\u00bb][vc_column offset=\u00bbvc_col-lg-12 vc_col-md-12&#8243;]<div class=\"es-resp\">\t<div class=\"visible-xl\" style=\"height: 64px;\"><\/div>\t<div class=\"hidden-xl hidden-md hidden-sm hidden-ms hidden-xs\" style=\"height: 64px;\"><\/div>\t<div class=\"visible-md\" style=\"height: 64px;\"><\/div>\t<div class=\"visible-sm \" style=\"height: 48px;\"><\/div>\t<div class=\"visible-ms\" style=\"height: 48px;\"><\/div>\t<div class=\"visible-xs\" style=\"height: 48px;\"><\/div><\/div>[vc_separator color=\u00bbwhite\u00bb][\/vc_column][\/vc_row][vc_row][vc_column][vc_column_text]<\/p>\n<p style=\"text-align: center;\"><strong>SUMINISTRO E INSTALACI\u00d3N DE EQUIPOS RECURSOS PARA LA FUNCIONALIDAD DE LOS SISTEMAS<\/strong><\/p>\n<p>[\/vc_column_text][\/vc_column][\/vc_row][vc_row][vc_column width=\u00bb1\/2&#8243;][vc_single_image image=\u00bb10976&#8243; img_size=\u00bb380&#215;380&#8243; alignment=\u00bbcenter\u00bb][\/vc_column][vc_column width=\u00bb1\/2&#8243;][vc_column_text]\u2022 Asesor\u00edas<br \/>\n\u2022 Estudios de seguridad<br \/>\n\u2022 Venta de seguridad y parte CCTV<br \/>\n\u2022 Suministro de personal especializado y no especializado<br \/>\n\u2022 Servicio inform\u00e1tico<br \/>\n\u2022 Servicio de trasmisi\u00f3n de datos<br \/>\n\u2022 Construcci\u00f3n de obras civiles menores<br \/>\n\u2022 Sistema de telefon\u00eda conmutada y digital<br \/>\n\u2022 Instalaci\u00f3n de sistemas de megafon\u00eda<br \/>\n\u2022 Equipo de audio visuales[\/vc_column_text][\/vc_column][\/vc_row][vc_row][vc_column][vc_empty_space][\/vc_column][\/vc_row]<\/p>\n","protected":false},"excerpt":{"rendered":"<p>[vc_row content_placement=\u00bbbottom\u00bb text_align=\u00bbcenter-sm-ms\u00bb][vc_column offset=\u00bbvc_col-lg-12 vc_col-md-12&#8243;][vc_column_text] NUESTROS SERVICIOS DE INGENIERIA [\/vc_column_text][\/vc_column][\/vc_row][vc_row][vc_column width=\u00bb1\/2&#8243;][vc_single_image image=\u00bb10966&#8243; img_size=\u00bb366&#215;280&#8243; alignment=\u00bbcenter\u00bb][\/vc_column][vc_column width=\u00bb1\/2&#8243;][vc_column_text]\u2022 Instalaciones el\u00e9ctricas media- baja tensi\u00f3n. \u2022 Tendido de redes. \u2022 Construcci\u00f3n de subestaciones el\u00e9ctricas. \u2022 Montaje de instrumentos y control. \u2022 Instalaci\u00f3n de cableado estructurado. \u2022 Instalaci\u00f3n de redes en fibra \u00f3ptica. \u2022 Mantenimientos y reparaci\u00f3n de redes de fibras \u00f3pticas. \u2022 Sistema de seguridad electr\u00f3nicas.[\/vc_column_text][\/vc_column][\/vc_row][vc_row content_placement=\u00bbbottom\u00bb text_align=\u00bbcenter-sm-ms\u00bb][vc_column offset=\u00bbvc_col-lg-12 vc_col-md-12&#8243;][vc_column_text] Sabemos lo importante que es la seguridad para la empresa por eso le ofrecemos los servicios de seguridad y control integral lo asesoramos y ayudamos a implementar. [\/vc_column_text][vc_separator color=\u00bbwhite\u00bb][\/vc_column][\/vc_row][vc_row][vc_column width=\u00bb1\/2&#8243;][vc_column_text] Sistemas de circuito cerrado de televisi\u00f3n (CCTV). Sistemas de detecci\u00f3n de intrusos malas sensorizada. Sistemas de detenci\u00f3n y extinci\u00f3n de incendios. Sistemas de control de accesos \u2013 alarmas de evacuaci\u00f3n. [\/vc_column_text][\/vc_column][vc_column width=\u00bb1\/2&#8243;][vc_single_image image=\u00bb10965&#8243; img_size=\u00bb350&#215;250&#8243; alignment=\u00bbcenter\u00bb][\/vc_column][\/vc_row][vc_row [&hellip;]<\/p>\n","protected":false},"author":1,"featured_media":0,"parent":0,"menu_order":0,"comment_status":"closed","ping_status":"closed","template":"","meta":[],"_links":{"self":[{"href":"https:\/\/ingemtel.com\/home\/wp-json\/wp\/v2\/pages\/10792"}],"collection":[{"href":"https:\/\/ingemtel.com\/home\/wp-json\/wp\/v2\/pages"}],"about":[{"href":"https:\/\/ingemtel.com\/home\/wp-json\/wp\/v2\/types\/page"}],"author":[{"embeddable":true,"href":"https:\/\/ingemtel.com\/home\/wp-json\/wp\/v2\/users\/1"}],"replies":[{"embeddable":true,"href":"https:\/\/ingemtel.com\/home\/wp-json\/wp\/v2\/comments?post=10792"}],"version-history":[{"count":24,"href":"https:\/\/ingemtel.com\/home\/wp-json\/wp\/v2\/pages\/10792\/revisions"}],"predecessor-version":[{"id":11320,"href":"https:\/\/ingemtel.com\/home\/wp-json\/wp\/v2\/pages\/10792\/revisions\/11320"}],"wp:attachment":[{"href":"https:\/\/ingemtel.com\/home\/wp-json\/wp\/v2\/media?parent=10792"}],"curies":[{"name":"wp","href":"https:\/\/api.w.org\/{rel}","templated":true}]}}