{"id":11346,"date":"2021-04-16T13:40:56","date_gmt":"2021-04-16T13:40:56","guid":{"rendered":"https:\/\/ingemtel.com\/home\/?page_id=11346"},"modified":"2021-04-16T14:22:16","modified_gmt":"2021-04-16T14:22:16","slug":"entes-reguladores","status":"publish","type":"page","link":"https:\/\/ingemtel.com\/home\/entes-reguladores\/","title":{"rendered":"ENTES REGULADORES"},"content":{"rendered":"<p>[vc_row content_placement=\u00bbbottom\u00bb text_align=\u00bbcenter-sm-ms\u00bb][vc_column offset=\u00bbvc_col-lg-12 vc_col-md-12&#8243;][vc_empty_space height=\u00bb5&#8243;][vc_column_text]<\/p>\n<h4 style=\"text-align: center;\"><strong><br \/>\nAUTORIDADES DE CONTROL Y VIGILANCIA<\/strong><\/h4>\n<p>[\/vc_column_text][vc_empty_space][\/vc_column][\/vc_row][vc_row][vc_column width=\u00bb1\/3&#8243;][vc_single_image image=\u00bb11355&#8243; img_size=\u00bbfull\u00bb][vc_empty_space][vc_column_text]<\/p>\n<h6 class=\"card-text\">Direcci\u00f3n:<br \/>\nCarrera 8\u00aa Entre calles 12 y 13, Edificio Murillo Toro,\u00a0 Bogot\u00e1.<\/h6>\n<h6>C\u00f3digo Postal:<br \/>\n111711<\/h6>\n<h6>Tel\u00e9fono:<br \/>\n57 (1) 344 3460<\/h6>\n<h6>L\u00ednea Gratuita Nacional:<br \/>\n01 800 0914014<\/h6>\n<h6 class=\"card-text\"><small class=\"text-muted\"><strong>P\u00e1gina Web:<\/strong>\u00a0<a href=\"http:\/\/www.mintic.gov.co\/\">www.mintic.gov.co<\/a><\/small><\/h6>\n<p>[\/vc_column_text][\/vc_column][vc_column width=\u00bb1\/3&#8243;][vc_single_image image=\u00bb11356&#8243; img_size=\u00bbfull\u00bb][vc_empty_space][vc_column_text]<\/p>\n<h6 class=\"card-text\">Direcci\u00f3n:<br \/>\nCalle 59 A bis No. 5 \u2013 53, Bogot\u00e1.<\/h6>\n<h6>C\u00f3digo Postal:<br \/>\n110231<\/h6>\n<h6>Tel\u00e9fono:<br \/>\n57 (1) 319 8300<\/h6>\n<h6>L\u00ednea Gratuita Nacional:<br \/>\n01 800 091 9278<\/h6>\n<h6 class=\"card-text\"><small class=\"text-muted\"><strong>P\u00e1gina Web:<\/strong>\u00a0<a href=\"http:\/\/www.crcom.gov.co\/\">www.crcom.gov.co<\/a><\/small><\/h6>\n<p>[\/vc_column_text][\/vc_column][vc_column width=\u00bb1\/3&#8243;][vc_single_image image=\u00bb11357&#8243; img_size=\u00bbfull\u00bb][vc_empty_space][vc_column_text]<\/p>\n<section class=\"kc-elm kc-css-586849 kc_row\">\n<div class=\"kc-row-container kc-container\">\n<div class=\"kc-wrap-columns\">\n<div class=\"kc-elm kc-css-44471 kc_col-sm-3 kc_column kc_col-sm-3\">\n<div class=\"kc-col-container\">\n<div class=\"kc-elm kc-css-490213 kc_text_block\">\n<ul class=\"text\">\n<li>\n<h6 class=\"card-text\">Direcci\u00f3n:<br \/>\nCarrera 13 No. 27 \u2013 00, Pisos 3, 4, 5 y 10, Bogot\u00e1.<\/h6>\n<h6>C\u00f3digo Postal:<br \/>\n110311<\/h6>\n<h6>Tel\u00e9fono:<br \/>\n57 (1) 587 0000<\/h6>\n<h6>L\u00ednea Gratuita Nacional:<br \/>\n01 800 091 0165<\/h6>\n<h6 class=\"card-text\"><small class=\"text-muted\"><strong>P\u00e1gina Web:<\/strong>\u00a0<a href=\"http:\/\/www.sic.gov.co\/\">www.sic.gov.co<\/a><\/small><\/h6>\n<\/li>\n<\/ul>\n<\/div>\n<\/div>\n<\/div>\n<div class=\"kc-col-container\"><\/div>\n<\/div>\n<\/div>\n<\/section>\n<section class=\"kc-elm kc-css-258904 kc_row\">\n<div class=\"kc-row-container kc-container\">\n<div class=\"kc-wrap-columns\">\n<div class=\"kc-elm kc-css-915303 kc_col-sm-12 kc_column kc_col-sm-12\">\n<h6 class=\"kc-col-container\"><\/h6>\n<\/div>\n<\/div>\n<\/div>\n<\/section>\n<p>[\/vc_column_text][\/vc_column][\/vc_row][vc_row content_placement=\u00bbbottom\u00bb text_align=\u00bbcenter-sm-ms\u00bb][vc_column offset=\u00bbvc_col-lg-12 vc_col-md-12&#8243;][vc_empty_space][\/vc_column][\/vc_row]<\/p>\n","protected":false},"excerpt":{"rendered":"<p>[vc_row content_placement=\u00bbbottom\u00bb text_align=\u00bbcenter-sm-ms\u00bb][vc_column offset=\u00bbvc_col-lg-12 vc_col-md-12&#8243;][vc_empty_space height=\u00bb5&#8243;][vc_column_text] AUTORIDADES DE CONTROL Y VIGILANCIA [\/vc_column_text][vc_empty_space][\/vc_column][\/vc_row][vc_row][vc_column width=\u00bb1\/3&#8243;][vc_single_image image=\u00bb11355&#8243; img_size=\u00bbfull\u00bb][vc_empty_space][vc_column_text] Direcci\u00f3n: Carrera 8\u00aa Entre calles 12 y 13, Edificio Murillo Toro,\u00a0 Bogot\u00e1. C\u00f3digo Postal: 111711 Tel\u00e9fono: 57 (1) 344 3460 L\u00ednea Gratuita Nacional: 01 800 0914014 P\u00e1gina Web:\u00a0www.mintic.gov.co [\/vc_column_text][\/vc_column][vc_column width=\u00bb1\/3&#8243;][vc_single_image image=\u00bb11356&#8243; img_size=\u00bbfull\u00bb][vc_empty_space][vc_column_text] Direcci\u00f3n: Calle 59 A bis No. 5 \u2013 53, Bogot\u00e1. C\u00f3digo Postal: 110231 Tel\u00e9fono: 57 (1) 319 8300 L\u00ednea Gratuita Nacional: 01 800 091 9278 P\u00e1gina Web:\u00a0www.crcom.gov.co [\/vc_column_text][\/vc_column][vc_column width=\u00bb1\/3&#8243;][vc_single_image image=\u00bb11357&#8243; img_size=\u00bbfull\u00bb][vc_empty_space][vc_column_text] Direcci\u00f3n: Carrera 13 No. 27 \u2013 00, Pisos 3, 4, 5 y 10, Bogot\u00e1. C\u00f3digo Postal: 110311 Tel\u00e9fono: 57 (1) 587 0000 L\u00ednea Gratuita Nacional: 01 800 091 0165 P\u00e1gina Web:\u00a0www.sic.gov.co [\/vc_column_text][\/vc_column][\/vc_row][vc_row content_placement=\u00bbbottom\u00bb text_align=\u00bbcenter-sm-ms\u00bb][vc_column offset=\u00bbvc_col-lg-12 vc_col-md-12&#8243;][vc_empty_space][\/vc_column][\/vc_row]<\/p>\n","protected":false},"author":1,"featured_media":0,"parent":0,"menu_order":0,"comment_status":"closed","ping_status":"closed","template":"","meta":[],"_links":{"self":[{"href":"https:\/\/ingemtel.com\/home\/wp-json\/wp\/v2\/pages\/11346"}],"collection":[{"href":"https:\/\/ingemtel.com\/home\/wp-json\/wp\/v2\/pages"}],"about":[{"href":"https:\/\/ingemtel.com\/home\/wp-json\/wp\/v2\/types\/page"}],"author":[{"embeddable":true,"href":"https:\/\/ingemtel.com\/home\/wp-json\/wp\/v2\/users\/1"}],"replies":[{"embeddable":true,"href":"https:\/\/ingemtel.com\/home\/wp-json\/wp\/v2\/comments?post=11346"}],"version-history":[{"count":11,"href":"https:\/\/ingemtel.com\/home\/wp-json\/wp\/v2\/pages\/11346\/revisions"}],"predecessor-version":[{"id":11363,"href":"https:\/\/ingemtel.com\/home\/wp-json\/wp\/v2\/pages\/11346\/revisions\/11363"}],"wp:attachment":[{"href":"https:\/\/ingemtel.com\/home\/wp-json\/wp\/v2\/media?parent=11346"}],"curies":[{"name":"wp","href":"https:\/\/api.w.org\/{rel}","templated":true}]}}